{"id":1426,"date":"2025-02-18T11:20:04","date_gmt":"2025-02-18T10:20:04","guid":{"rendered":"https:\/\/oneafricaforums.com\/inscription\/?post_type=product&#038;p=1426"},"modified":"2025-03-11T12:11:14","modified_gmt":"2025-03-11T11:11:14","slug":"africa-capital-market-forum","status":"publish","type":"product","link":"https:\/\/oneafricaforums.com\/inscription\/product\/africa-capital-market-forum\/","title":{"rendered":"Africa Capital Market Forum"},"content":{"rendered":"<p>Lanc\u00e9 en 2022, Africa Capital Markets Forum (ACMF) s\u2019est rapidement impos\u00e9 comme l\u2019\u00e9v\u00e9nement majeur des march\u00e9s de capitaux en Afrique francophone. Avec pour mission d\u2019accompagner la croissance de ces march\u00e9s, ACMF propose un format et un contenu qui suscitent des discussions incontournables sur les d\u00e9fis et les opportunit\u00e9s du secteur \u00e9conomique africain, ainsi que sur les actions favorisant le dynamisme des march\u00e9s de capitaux.<\/p>\n","protected":false},"excerpt":{"rendered":"<p>04,05,06 Mai 2025<br \/>\nLibreville<\/p>\n","protected":false},"featured_media":1434,"template":"","meta":[],"product_brand":[],"product_cat":[15],"product_tag":[],"class_list":{"0":"post-1426","1":"product","2":"type-product","3":"status-publish","4":"has-post-thumbnail","6":"product_cat-uncategorized","8":"first","9":"instock","10":"virtual","11":"taxable","12":"purchasable","13":"product-type-simple"},"_links":{"self":[{"href":"https:\/\/oneafricaforums.com\/inscription\/wp-json\/wp\/v2\/product\/1426","targetHints":{"allow":["GET"]}}],"collection":[{"href":"https:\/\/oneafricaforums.com\/inscription\/wp-json\/wp\/v2\/product"}],"about":[{"href":"https:\/\/oneafricaforums.com\/inscription\/wp-json\/wp\/v2\/types\/product"}],"wp:featuredmedia":[{"embeddable":true,"href":"https:\/\/oneafricaforums.com\/inscription\/wp-json\/wp\/v2\/media\/1434"}],"wp:attachment":[{"href":"https:\/\/oneafricaforums.com\/inscription\/wp-json\/wp\/v2\/media?parent=1426"}],"wp:term":[{"taxonomy":"product_brand","embeddable":true,"href":"https:\/\/oneafricaforums.com\/inscription\/wp-json\/wp\/v2\/product_brand?post=1426"},{"taxonomy":"product_cat","embeddable":true,"href":"https:\/\/oneafricaforums.com\/inscription\/wp-json\/wp\/v2\/product_cat?post=1426"},{"taxonomy":"product_tag","embeddable":true,"href":"https:\/\/oneafricaforums.com\/inscription\/wp-json\/wp\/v2\/product_tag?post=1426"}],"curies":[{"name":"wp","href":"https:\/\/api.w.org\/{rel}","templated":true}]}}