{"id":1442,"date":"2025-02-25T10:53:18","date_gmt":"2025-02-25T09:53:18","guid":{"rendered":"https:\/\/oneafricaforums.com\/inscription\/?post_type=product&#038;p=1442"},"modified":"2026-03-13T13:01:38","modified_gmt":"2026-03-13T12:01:38","slug":"africa-ports-forum","status":"publish","type":"product","link":"https:\/\/oneafricaforums.com\/inscription\/product\/africa-ports-forum\/","title":{"rendered":"Africa Ports Forum <br>du 19 au 21 mai 2026 Accra"},"content":{"rendered":"<p>Initi\u00e9 en 2019, Africa Ports Forum (APF) a fermement consolid\u00e9 sa position en tant que point de convergence essentiel pour les experts portuaires de la r\u00e9gion. Il s\u2019agit d\u2019une rencontre annuelle ax\u00e9e sur le progr\u00e8s des services portuaires et maritimes, d\u00e9di\u00e9e au d\u00e9veloppement et \u00e0 l\u2019\u00e9change d\u2019id\u00e9es \u00e0 l\u2019\u00e9chelle r\u00e9gionale et international. En tant que plateforme dynamique de partage d\u2019expertises, APF stimule des discussions cruciales autour des d\u00e9fis et des opportunit\u00e9s \u00e9mergentes au sein du panorama portuaire en Afrique du Nord, Centrale, de l\u2019Ouest et de l\u2019Est.<\/p>\n","protected":false},"excerpt":{"rendered":"<p>26,27,28 mai 2025<br \/>\nLibreville<\/p>\n","protected":false},"featured_media":1433,"template":"","meta":[],"product_brand":[],"product_cat":[15],"product_tag":[],"class_list":{"0":"post-1442","1":"product","2":"type-product","3":"status-publish","4":"has-post-thumbnail","6":"product_cat-uncategorized","8":"first","9":"instock","10":"virtual","11":"taxable","12":"purchasable","13":"product-type-simple"},"_links":{"self":[{"href":"https:\/\/oneafricaforums.com\/inscription\/wp-json\/wp\/v2\/product\/1442","targetHints":{"allow":["GET"]}}],"collection":[{"href":"https:\/\/oneafricaforums.com\/inscription\/wp-json\/wp\/v2\/product"}],"about":[{"href":"https:\/\/oneafricaforums.com\/inscription\/wp-json\/wp\/v2\/types\/product"}],"wp:featuredmedia":[{"embeddable":true,"href":"https:\/\/oneafricaforums.com\/inscription\/wp-json\/wp\/v2\/media\/1433"}],"wp:attachment":[{"href":"https:\/\/oneafricaforums.com\/inscription\/wp-json\/wp\/v2\/media?parent=1442"}],"wp:term":[{"taxonomy":"product_brand","embeddable":true,"href":"https:\/\/oneafricaforums.com\/inscription\/wp-json\/wp\/v2\/product_brand?post=1442"},{"taxonomy":"product_cat","embeddable":true,"href":"https:\/\/oneafricaforums.com\/inscription\/wp-json\/wp\/v2\/product_cat?post=1442"},{"taxonomy":"product_tag","embeddable":true,"href":"https:\/\/oneafricaforums.com\/inscription\/wp-json\/wp\/v2\/product_tag?post=1442"}],"curies":[{"name":"wp","href":"https:\/\/api.w.org\/{rel}","templated":true}]}}