{"id":1462,"date":"2025-03-19T15:17:43","date_gmt":"2025-03-19T14:17:43","guid":{"rendered":"https:\/\/oneafricaforums.com\/inscription\/?post_type=product&#038;p=1462"},"modified":"2025-04-23T11:41:21","modified_gmt":"2025-04-23T09:41:21","slug":"africa-digital-expo","status":"publish","type":"product","link":"https:\/\/oneafricaforums.com\/inscription\/product\/africa-digital-expo\/","title":{"rendered":"Africa Digital Expo"},"content":{"rendered":"<p>Conscient que l\u2019int\u00e9gration des technologies num\u00e9riques est ind\u00e9niablement un levier de d\u00e9veloppement \u00e9conomique et social majeur pour l\u2019Afrique qui favorise le progr\u00e8s et l\u2019inclusion de tout un continent, Africa Digital Expo (ADEX) \u0153uvre depuis plus de 14 ans, pour l\u2019innovation num\u00e9rique et l\u2019acc\u00e9l\u00e9ration de la transformation digitale en cr\u00e9ant des synergies entre les secteurs publics et privse\u0301, les op\u00e9rateurs, les \u00e9quipementiers et les fintechs afin d\u2019int\u00e9grer la transformation num\u00e9rique aussi bien dans les secteurs \u00e9conomiques cl\u00e9s que dans tous les aspects de la vie soci\u00e9tale.<\/p>\n","protected":false},"excerpt":{"rendered":"<p>14, 15 &#038; 16 juillet 2025, Douala<\/p>\n","protected":false},"featured_media":1463,"template":"","meta":[],"product_brand":[],"product_cat":[15],"product_tag":[],"class_list":{"0":"post-1462","1":"product","2":"type-product","3":"status-publish","4":"has-post-thumbnail","6":"product_cat-uncategorized","8":"first","9":"instock","10":"virtual","11":"taxable","12":"purchasable","13":"product-type-simple"},"_links":{"self":[{"href":"https:\/\/oneafricaforums.com\/inscription\/wp-json\/wp\/v2\/product\/1462","targetHints":{"allow":["GET"]}}],"collection":[{"href":"https:\/\/oneafricaforums.com\/inscription\/wp-json\/wp\/v2\/product"}],"about":[{"href":"https:\/\/oneafricaforums.com\/inscription\/wp-json\/wp\/v2\/types\/product"}],"wp:featuredmedia":[{"embeddable":true,"href":"https:\/\/oneafricaforums.com\/inscription\/wp-json\/wp\/v2\/media\/1463"}],"wp:attachment":[{"href":"https:\/\/oneafricaforums.com\/inscription\/wp-json\/wp\/v2\/media?parent=1462"}],"wp:term":[{"taxonomy":"product_brand","embeddable":true,"href":"https:\/\/oneafricaforums.com\/inscription\/wp-json\/wp\/v2\/product_brand?post=1462"},{"taxonomy":"product_cat","embeddable":true,"href":"https:\/\/oneafricaforums.com\/inscription\/wp-json\/wp\/v2\/product_cat?post=1462"},{"taxonomy":"product_tag","embeddable":true,"href":"https:\/\/oneafricaforums.com\/inscription\/wp-json\/wp\/v2\/product_tag?post=1462"}],"curies":[{"name":"wp","href":"https:\/\/api.w.org\/{rel}","templated":true}]}}