{"id":1668,"date":"2025-07-18T13:05:26","date_gmt":"2025-07-18T11:05:26","guid":{"rendered":"https:\/\/oneafricaforums.com\/inscription\/?post_type=product&#038;p=1668"},"modified":"2026-03-10T13:51:31","modified_gmt":"2026-03-10T12:51:31","slug":"africa-executive-roundtable-2","status":"publish","type":"product","link":"https:\/\/oneafricaforums.com\/inscription\/product\/africa-executive-roundtable-2\/","title":{"rendered":"Africa Executive Roundtable"},"content":{"rendered":"<p>L\u2019acc\u00e8s \u00e0 l\u2019\u00e9v\u00e9nement est r\u00e9serv\u00e9 aux d\u00e9cideurs et acteurs cl\u00e9s des secteurs des t\u00e9l\u00e9communications, des institutions publiques et r\u00e9glementaires, des grandes entreprises et \u00e9cosyst\u00e8mes industriels, des services critiques, les minist\u00e8res de la transition num\u00e9rique, de l&#8217;industrie et du commerce, ainsi qu\u2019aux m\u00e9dias et leaders d\u2019opinion.<\/p>\n","protected":false},"excerpt":{"rendered":"<p>L\u2019acc\u00e8s \u00e0 l\u2019\u00e9v\u00e9nement est r\u00e9serv\u00e9 aux d\u00e9cideurs et acteurs cl\u00e9s des secteurs des t\u00e9l\u00e9communications, des institutions publiques et r\u00e9glementaires, des grandes entreprises et \u00e9cosyst\u00e8mes industriels, des services critiques, les minist\u00e8res de la transition num\u00e9rique, de l&#8217;industrie et du commerce, ainsi qu\u2019aux m\u00e9dias et leaders d\u2019opinion.<\/p>\n","protected":false},"featured_media":1454,"template":"","meta":[],"product_brand":[],"product_cat":[15],"product_tag":[],"class_list":{"0":"post-1668","1":"product","2":"type-product","3":"status-publish","4":"has-post-thumbnail","6":"product_cat-uncategorized","8":"first","9":"instock","10":"virtual","11":"taxable","12":"purchasable","13":"product-type-simple"},"_links":{"self":[{"href":"https:\/\/oneafricaforums.com\/inscription\/wp-json\/wp\/v2\/product\/1668","targetHints":{"allow":["GET"]}}],"collection":[{"href":"https:\/\/oneafricaforums.com\/inscription\/wp-json\/wp\/v2\/product"}],"about":[{"href":"https:\/\/oneafricaforums.com\/inscription\/wp-json\/wp\/v2\/types\/product"}],"wp:featuredmedia":[{"embeddable":true,"href":"https:\/\/oneafricaforums.com\/inscription\/wp-json\/wp\/v2\/media\/1454"}],"wp:attachment":[{"href":"https:\/\/oneafricaforums.com\/inscription\/wp-json\/wp\/v2\/media?parent=1668"}],"wp:term":[{"taxonomy":"product_brand","embeddable":true,"href":"https:\/\/oneafricaforums.com\/inscription\/wp-json\/wp\/v2\/product_brand?post=1668"},{"taxonomy":"product_cat","embeddable":true,"href":"https:\/\/oneafricaforums.com\/inscription\/wp-json\/wp\/v2\/product_cat?post=1668"},{"taxonomy":"product_tag","embeddable":true,"href":"https:\/\/oneafricaforums.com\/inscription\/wp-json\/wp\/v2\/product_tag?post=1668"}],"curies":[{"name":"wp","href":"https:\/\/api.w.org\/{rel}","templated":true}]}}