{"id":842,"date":"2023-01-30T15:04:56","date_gmt":"2023-01-30T14:04:56","guid":{"rendered":"https:\/\/oneafricaforums.com\/inscription\/?post_type=product&#038;p=842"},"modified":"2026-02-03T10:40:19","modified_gmt":"2026-02-03T09:40:19","slug":"africa-banking-forum","status":"publish","type":"product","link":"https:\/\/oneafricaforums.com\/inscription\/product\/africa-banking-forum\/","title":{"rendered":"Africa banking forum"},"content":{"rendered":"<p>D\u00e9couvrez les derni\u00e8res innovations, \u00e9largissez votre r\u00e9seau et partagez des connaissances inestimables \u00e0 Africa Banking Forum, (ABF), l\u2019\u00e9v\u00e9nement incontournable pour les professionnels de la finance en Afrique.<br \/>\nFond\u00e9 en 2008, Africa Banking Forum est un forum annuel de premier plan d\u00e9di\u00e9 \u00e0 l\u2019industrie financi\u00e8re en Afrique. Avec une organisation dans une dizaine de pays, le forum a pour vocation d\u2019apporter une valeur certaine \u00e0 ses participants aussi bien par la richesse de son contenu que par le r\u00e9seau d\u2019exception qu\u2019il mobilise \u00e0 chaque \u00e9dition.<br \/>\nCette ann\u00e9e marque notre 15\u00e8me \u00e9dition, un t\u00e9moignage de notre engagement \u00e0 stimuler l\u2019innovation et le progr\u00e8s dans le secteur bancaire \u00e0 travers le continent<\/p>\n<p><iframe loading=\"lazy\" style=\"border: 0;\" src=\"https:\/\/www.google.com\/maps\/embed?pb=!1m18!1m12!1m3!1d3325618.575867775!2d7.791912228282522!3d35.512328755846994!2m3!1f0!2f0!3f0!3m2!1i1024!2i768!4f13.1!3m3!1m2!1s0x12fd348f0a9946e9%3A0x3919344ab1026a0b!2sCoordonn%C3%A9es%20centres!5e0!3m2!1sfr!2sma!4v1739183178973!5m2!1sfr!2sma\" width=\"600\" height=\"450\" allowfullscreen=\"allowfullscreen\"><\/iframe><\/p>\n","protected":false},"excerpt":{"rendered":"<p>18 au 20 F\u00e9vrier 2025<br \/>\nTunis<\/p>\n","protected":false},"featured_media":1369,"template":"","meta":[],"product_brand":[],"product_cat":[15],"product_tag":[],"class_list":{"0":"post-842","1":"product","2":"type-product","3":"status-publish","4":"has-post-thumbnail","6":"product_cat-uncategorized","8":"first","9":"instock","10":"virtual","11":"taxable","12":"purchasable","13":"product-type-simple"},"_links":{"self":[{"href":"https:\/\/oneafricaforums.com\/inscription\/wp-json\/wp\/v2\/product\/842","targetHints":{"allow":["GET"]}}],"collection":[{"href":"https:\/\/oneafricaforums.com\/inscription\/wp-json\/wp\/v2\/product"}],"about":[{"href":"https:\/\/oneafricaforums.com\/inscription\/wp-json\/wp\/v2\/types\/product"}],"wp:featuredmedia":[{"embeddable":true,"href":"https:\/\/oneafricaforums.com\/inscription\/wp-json\/wp\/v2\/media\/1369"}],"wp:attachment":[{"href":"https:\/\/oneafricaforums.com\/inscription\/wp-json\/wp\/v2\/media?parent=842"}],"wp:term":[{"taxonomy":"product_brand","embeddable":true,"href":"https:\/\/oneafricaforums.com\/inscription\/wp-json\/wp\/v2\/product_brand?post=842"},{"taxonomy":"product_cat","embeddable":true,"href":"https:\/\/oneafricaforums.com\/inscription\/wp-json\/wp\/v2\/product_cat?post=842"},{"taxonomy":"product_tag","embeddable":true,"href":"https:\/\/oneafricaforums.com\/inscription\/wp-json\/wp\/v2\/product_tag?post=842"}],"curies":[{"name":"wp","href":"https:\/\/api.w.org\/{rel}","templated":true}]}}